
{"id":5487,"date":"2019-05-29T17:13:53","date_gmt":"2019-05-29T17:13:53","guid":{"rendered":"https:\/\/www.territorioscriativos.eu\/green-up\/"},"modified":"2019-06-25T16:38:38","modified_gmt":"2019-06-25T16:38:38","slug":"green-up","status":"publish","type":"page","link":"https:\/\/territorioscriativos.pt\/en\/green-up\/","title":{"rendered":"Green UP"},"content":{"rendered":"<p>[vc_row][vc_column][vc_column_text][\/vc_column_text][\/vc_column][\/vc_row][vc_row css=&#8221;.vc_custom_1559213994354{margin-bottom: 50px !important;}&#8221;][vc_column][vc_single_image image=&#8221;5178&#8243; img_size=&#8221;full&#8221; alignment=&#8221;center&#8221;][\/vc_column][\/vc_row][vc_row][vc_column][vc_column_text][\/vc_column_text][\/vc_column][\/vc_row][vc_row css=&#8221;.vc_custom_1559148993891{margin-bottom: 70px !important;}&#8221;][vc_column width=&#8221;2\/3&#8243; css=&#8221;.vc_custom_1559216297870{padding-top: 10px !important;padding-bottom: 10px !important;}&#8221;][vc_single_image image=&#8221;4834&#8243; img_size=&#8221;full&#8221;][vc_empty_space][vc_column_text css=&#8221;.vc_custom_1561480344799{margin-bottom: 40px !important;}&#8221;]<\/p>\n<h3 style=\"color: #646464;\"><em>Program in Progress<\/em><\/h3>\n<p>[\/vc_column_text][vc_column_text]Green UP is an ideation program that aims to support in the development of projects in the areas of sustainable tourism, that offers B2B solutions, preferably in the areas of Alentejo and Algarve.<\/p>\n<h4 style=\"margin-top: 20px;\">Program:<\/h4>\n<p style=\"margin-bottom: 10px;\">Roadshow in 9 schools in Algarve and Alentejo &gt; Opening of online applications &gt; Selection of finalists &gt; Ideation Bootcamp &gt; Mentorship &gt; Final Presentation<\/p>\n<p style=\"margin-bottom: 10px;\">Green UP will happen between April and July of 2019. The ideation bootcamp will be on the 4th and 5th of June. The Grand Final will be in the 3rd of July.<\/p>\n<p>The winner will receive 2000\u20ac in travel check, the 2nd place 1000\u20ac in travel check, and the 3rd place 500\u20ac in travel check. They all will have access to the network of partners.<\/p>\n<h4 style=\"margin-top: 20px;\">Roadshow:<\/h4>\n<p style=\"margin-bottom: 10px;\">Escola de Hotelaria e Turismo de Vila Real de Santo Ant\u00f3nio<br \/>\nISMAT \u2013 Instituto Superior Manuel Teixeira Gomes, Grupo Lus\u00f3fona (Portim\u00e3o)<br \/>\nEscola Superior de Gest\u00e3o, Hotelaria e Turismo, Universidade do Algarve (polo de Portim\u00e3o)<br \/>\nEscola de Hotelaria e Turismo de Portim\u00e3o<br \/>\nEscola Superior de Educa\u00e7\u00e3o e Ci\u00eancias Sociais, Instituto Superior de Portalegre<br \/>\nEscola de Ci\u00eancias Sociais, Universidade de \u00c9vora<br \/>\nEscola Superior de Tecnologia e Gest\u00e3o, Instituto Polit\u00e9cnico de Beja<br \/>\nEscola de Hotelaria e Turismo do Algarve (Faro)<br \/>\nEscola Superior de Gest\u00e3o, Hotelaria e Turismo, Universidade do Algarve (Faro)<br \/>\n<a href=\"\/#\">More information and regulations<\/a><\/p>\n<h4 style=\"margin-top: 20px;\">Applications<\/h4>\n<p><a href=\"https:\/\/bit.ly\/Candidatura_GreenUP\" target=\"_blank\" rel=\"noopener noreferrer\">https:\/\/bit.ly\/Candidatura_GreenUP<\/a><\/p>\n<h4 style=\"margin-top: 20px;\">Partners:<\/h4>\n<p><strong>Turismo de Portugal, GEN Portugal<\/strong>.[\/vc_column_text][\/vc_column][vc_column width=&#8221;1\/3&#8243; css=&#8221;.vc_custom_1559216292216{padding-top: 10px !important;padding-bottom: 10px !important;}&#8221;][vc_column_text]\n    <span class=\"mkdf-icon-shortcode circle\" style=\"margin: 0 10px 0 0px;width: 43px;height: 43px;line-height: 43px;background-color: #f73b4c;border-width: 0px;border-style: solid\" data-color=\"#ffffff\">\n                    <a href=\"\" target=\"_blank\">\n        \n                                    <span class=\"mkdf-image-icon\">\n\t\t\t\t\t\t                            <span aria-hidden=\"true\" class=\"mkdf-icon-font-elegant social_facebook mkdf-icon-element\" style=\"color: #ffffff;font-size:15px\" ><\/span>                                            <\/span>\n                \n                    <\/a>\n            <\/span>\n\n\n    <span class=\"mkdf-icon-shortcode circle\" style=\"margin: 0 10px 0 0;width: 43px;height: 43px;line-height: 43px;background-color: #f73b4c;border-width: 0px;border-style: solid\" data-color=\"#ffffff\">\n                    <a href=\"https:\/\/www.instagram.com\/greenup_2019\/\" target=\"_blank\">\n        \n                                    <span class=\"mkdf-image-icon\">\n\t\t\t\t\t\t                            <span aria-hidden=\"true\" class=\"mkdf-icon-font-elegant social_instagram mkdf-icon-element\" style=\"color: #ffffff;font-size:15px\" ><\/span>                                            <\/span>\n                \n                    <\/a>\n            <\/span>\n\n\n    <span class=\"mkdf-icon-shortcode circle\" style=\"margin: 0 10px 0 0;width: 43px;height: 43px;line-height: 43px;background-color: #f73b4c;border-width: 0px;border-style: solid\" data-color=\"#ffffff\">\n                    <a href=\"mailto:greenup@territorioscriativos.pt\" target=\"_blank\">\n        \n                                    <span class=\"mkdf-image-icon\">\n\t\t\t\t\t\t                            <span aria-hidden=\"true\" class=\"mkdf-icon-font-elegant icon_mail mkdf-icon-element\" style=\"color: #ffffff;font-size:15px\" ><\/span>                                            <\/span>\n                \n                    <\/a>\n            <\/span>\n\n[\/vc_column_text][vc_empty_space]<div class=\"mkdf-section-title-holder\">\n\t<h2 class=\"mkdf-section-title mkdf-section-title-small\" >Apply here<\/h2>\n<\/div>[vc_column_text]De forma a formalizares a tua candidatura ao Programa de Idea\u00e7\u00e3o Green UP, dever\u00e1s preencher todos os campos do formul\u00e1rio abaixo.[\/vc_column_text][contact-form-7 404 \"Not Found\"][\/vc_column][\/vc_row]<\/p>\n","protected":false},"excerpt":{"rendered":"<p>[vc_row][vc_column][vc_column_text][\/vc_column_text][\/vc_column][\/vc_row][vc_row css=&#8221;.vc_custom_1559213994354{margin-bottom: 50px !important;}&#8221;][vc_column][vc_single_image image=&#8221;5178&#8243; img_size=&#8221;full&#8221; alignment=&#8221;center&#8221;][\/vc_column][\/vc_row][vc_row][vc_column][vc_column_text][\/vc_column_text][\/vc_column][\/vc_row][vc_row css=&#8221;.vc_custom_1559148993891{margin-bottom: 70px !important;}&#8221;][vc_column width=&#8221;2\/3&#8243; css=&#8221;.vc_custom_1559216297870{padding-top: 10px !important;padding-bottom: 10px !important;}&#8221;][vc_single_image image=&#8221;4834&#8243; img_size=&#8221;full&#8221;][vc_empty_space][vc_column_text css=&#8221;.vc_custom_1561480344799{margin-bottom: 40px !important;}&#8221;] Program in Progress [\/vc_column_text][vc_column_text]Green UP is an ideation program that aims to support in the development of projects in the areas of sustainable tourism,&#8230;<\/p>\n","protected":false},"author":1,"featured_media":0,"parent":0,"menu_order":0,"comment_status":"closed","ping_status":"closed","template":"","meta":[],"yoast_head":"<!-- This site is optimized with the Yoast SEO plugin v19.4 - https:\/\/yoast.com\/wordpress\/plugins\/seo\/ -->\n<title>Green UP - Territ\u00f3rios Criativos<\/title>\n<meta name=\"robots\" content=\"index, follow, max-snippet:-1, max-image-preview:large, max-video-preview:-1\" \/>\n<link rel=\"canonical\" href=\"https:\/\/territorioscriativos.eu\/en\/green-up\/\" \/>\n<meta property=\"og:locale\" content=\"en_US\" \/>\n<meta property=\"og:type\" content=\"article\" \/>\n<meta property=\"og:title\" content=\"Green UP - Territ\u00f3rios Criativos\" \/>\n<meta property=\"og:description\" content=\"[vc_row][vc_column][vc_column_text][\/vc_column_text][\/vc_column][\/vc_row][vc_row css=&#8221;.vc_custom_1559213994354{margin-bottom: 50px !important;}&#8221;][vc_column][vc_single_image image=&#8221;5178&#8243; img_size=&#8221;full&#8221; alignment=&#8221;center&#8221;][\/vc_column][\/vc_row][vc_row][vc_column][vc_column_text][\/vc_column_text][\/vc_column][\/vc_row][vc_row css=&#8221;.vc_custom_1559148993891{margin-bottom: 70px !important;}&#8221;][vc_column width=&#8221;2\/3&#8243; css=&#8221;.vc_custom_1559216297870{padding-top: 10px !important;padding-bottom: 10px !important;}&#8221;][vc_single_image image=&#8221;4834&#8243; img_size=&#8221;full&#8221;][vc_empty_space][vc_column_text css=&#8221;.vc_custom_1561480344799{margin-bottom: 40px !important;}&#8221;] Program in Progress [\/vc_column_text][vc_column_text]Green UP is an ideation program that aims to support in the development of projects in the areas of sustainable tourism,...\" \/>\n<meta property=\"og:url\" content=\"https:\/\/territorioscriativos.eu\/en\/green-up\/\" \/>\n<meta property=\"og:site_name\" content=\"Territ\u00f3rios Criativos\" \/>\n<meta property=\"article:publisher\" content=\"https:\/\/www.facebook.com\/territorioscriativos.pt\" \/>\n<meta property=\"article:modified_time\" content=\"2019-06-25T16:38:38+00:00\" \/>\n<meta name=\"twitter:card\" content=\"summary_large_image\" \/>\n<meta name=\"twitter:label1\" content=\"Est. reading time\" \/>\n\t<meta name=\"twitter:data1\" content=\"3 minutes\" \/>\n<script type=\"application\/ld+json\" class=\"yoast-schema-graph\">{\"@context\":\"https:\/\/schema.org\",\"@graph\":[{\"@type\":\"WebSite\",\"@id\":\"https:\/\/territorioscriativos.eu\/#website\",\"url\":\"https:\/\/territorioscriativos.eu\/\",\"name\":\"Territ\u00f3rios Criativos\",\"description\":\"\",\"potentialAction\":[{\"@type\":\"SearchAction\",\"target\":{\"@type\":\"EntryPoint\",\"urlTemplate\":\"https:\/\/territorioscriativos.eu\/?s={search_term_string}\"},\"query-input\":\"required name=search_term_string\"}],\"inLanguage\":\"en-US\"},{\"@type\":\"WebPage\",\"@id\":\"https:\/\/territorioscriativos.eu\/en\/green-up\/\",\"url\":\"https:\/\/territorioscriativos.eu\/en\/green-up\/\",\"name\":\"Green UP - Territ\u00f3rios Criativos\",\"isPartOf\":{\"@id\":\"https:\/\/territorioscriativos.eu\/#website\"},\"datePublished\":\"2019-05-29T17:13:53+00:00\",\"dateModified\":\"2019-06-25T16:38:38+00:00\",\"breadcrumb\":{\"@id\":\"https:\/\/territorioscriativos.eu\/en\/green-up\/#breadcrumb\"},\"inLanguage\":\"en-US\",\"potentialAction\":[{\"@type\":\"ReadAction\",\"target\":[\"https:\/\/territorioscriativos.eu\/en\/green-up\/\"]}]},{\"@type\":\"BreadcrumbList\",\"@id\":\"https:\/\/territorioscriativos.eu\/en\/green-up\/#breadcrumb\",\"itemListElement\":[{\"@type\":\"ListItem\",\"position\":1,\"name\":\"Home\",\"item\":\"https:\/\/territorioscriativos.pt\/en\/professional-home\/\"},{\"@type\":\"ListItem\",\"position\":2,\"name\":\"Green UP\"}]}]}<\/script>\n<!-- \/ Yoast SEO plugin. -->","yoast_head_json":{"title":"Green UP - Territ\u00f3rios Criativos","robots":{"index":"index","follow":"follow","max-snippet":"max-snippet:-1","max-image-preview":"max-image-preview:large","max-video-preview":"max-video-preview:-1"},"canonical":"https:\/\/territorioscriativos.eu\/en\/green-up\/","og_locale":"en_US","og_type":"article","og_title":"Green UP - Territ\u00f3rios Criativos","og_description":"[vc_row][vc_column][vc_column_text][\/vc_column_text][\/vc_column][\/vc_row][vc_row css=&#8221;.vc_custom_1559213994354{margin-bottom: 50px !important;}&#8221;][vc_column][vc_single_image image=&#8221;5178&#8243; img_size=&#8221;full&#8221; alignment=&#8221;center&#8221;][\/vc_column][\/vc_row][vc_row][vc_column][vc_column_text][\/vc_column_text][\/vc_column][\/vc_row][vc_row css=&#8221;.vc_custom_1559148993891{margin-bottom: 70px !important;}&#8221;][vc_column width=&#8221;2\/3&#8243; css=&#8221;.vc_custom_1559216297870{padding-top: 10px !important;padding-bottom: 10px !important;}&#8221;][vc_single_image image=&#8221;4834&#8243; img_size=&#8221;full&#8221;][vc_empty_space][vc_column_text css=&#8221;.vc_custom_1561480344799{margin-bottom: 40px !important;}&#8221;] Program in Progress [\/vc_column_text][vc_column_text]Green UP is an ideation program that aims to support in the development of projects in the areas of sustainable tourism,...","og_url":"https:\/\/territorioscriativos.eu\/en\/green-up\/","og_site_name":"Territ\u00f3rios Criativos","article_publisher":"https:\/\/www.facebook.com\/territorioscriativos.pt","article_modified_time":"2019-06-25T16:38:38+00:00","twitter_card":"summary_large_image","twitter_misc":{"Est. reading time":"3 minutes"},"schema":{"@context":"https:\/\/schema.org","@graph":[{"@type":"WebSite","@id":"https:\/\/territorioscriativos.eu\/#website","url":"https:\/\/territorioscriativos.eu\/","name":"Territ\u00f3rios Criativos","description":"","potentialAction":[{"@type":"SearchAction","target":{"@type":"EntryPoint","urlTemplate":"https:\/\/territorioscriativos.eu\/?s={search_term_string}"},"query-input":"required name=search_term_string"}],"inLanguage":"en-US"},{"@type":"WebPage","@id":"https:\/\/territorioscriativos.eu\/en\/green-up\/","url":"https:\/\/territorioscriativos.eu\/en\/green-up\/","name":"Green UP - Territ\u00f3rios Criativos","isPartOf":{"@id":"https:\/\/territorioscriativos.eu\/#website"},"datePublished":"2019-05-29T17:13:53+00:00","dateModified":"2019-06-25T16:38:38+00:00","breadcrumb":{"@id":"https:\/\/territorioscriativos.eu\/en\/green-up\/#breadcrumb"},"inLanguage":"en-US","potentialAction":[{"@type":"ReadAction","target":["https:\/\/territorioscriativos.eu\/en\/green-up\/"]}]},{"@type":"BreadcrumbList","@id":"https:\/\/territorioscriativos.eu\/en\/green-up\/#breadcrumb","itemListElement":[{"@type":"ListItem","position":1,"name":"Home","item":"https:\/\/territorioscriativos.pt\/en\/professional-home\/"},{"@type":"ListItem","position":2,"name":"Green UP"}]}]}},"_links":{"self":[{"href":"https:\/\/territorioscriativos.pt\/en\/wp-json\/wp\/v2\/pages\/5487"}],"collection":[{"href":"https:\/\/territorioscriativos.pt\/en\/wp-json\/wp\/v2\/pages"}],"about":[{"href":"https:\/\/territorioscriativos.pt\/en\/wp-json\/wp\/v2\/types\/page"}],"author":[{"embeddable":true,"href":"https:\/\/territorioscriativos.pt\/en\/wp-json\/wp\/v2\/users\/1"}],"replies":[{"embeddable":true,"href":"https:\/\/territorioscriativos.pt\/en\/wp-json\/wp\/v2\/comments?post=5487"}],"version-history":[{"count":3,"href":"https:\/\/territorioscriativos.pt\/en\/wp-json\/wp\/v2\/pages\/5487\/revisions"}],"predecessor-version":[{"id":5602,"href":"https:\/\/territorioscriativos.pt\/en\/wp-json\/wp\/v2\/pages\/5487\/revisions\/5602"}],"wp:attachment":[{"href":"https:\/\/territorioscriativos.pt\/en\/wp-json\/wp\/v2\/media?parent=5487"}],"curies":[{"name":"wp","href":"https:\/\/api.w.org\/{rel}","templated":true}]}}