
{"id":5496,"date":"2019-05-23T20:19:56","date_gmt":"2019-05-23T20:19:56","guid":{"rendered":"https:\/\/www.territorioscriativos.eu\/livros\/"},"modified":"2025-05-30T16:18:00","modified_gmt":"2025-05-30T16:18:00","slug":"livros","status":"publish","type":"page","link":"https:\/\/territorioscriativos.pt\/en\/livros\/","title":{"rendered":"Books"},"content":{"rendered":"<p>[vc_row content_width=&#8221;grid&#8221; css=&#8221;.vc_custom_1558380146343{padding-top: 110px !important;padding-right: 40px !important;padding-bottom: 110px !important;padding-left: 40px !important;}&#8221;][vc_column offset=&#8221;vc_col-lg-6 vc_col-md-12&#8243; css=&#8221;.vc_custom_1559168990800{padding-top: 10px !important;padding-right: 4% !important;padding-bottom: 10px !important;}&#8221;]<div class=\"mkdf-animations-holder mkdf-element-from-left\" data-animation=\"mkdf-element-from-left\">\n\t<div style=\"transition-delay: 200ms;-webkit-animation-delay: 200ms;animation-delay: 200ms;animation-duration: 500ms;-webkit-animation-duration: 500ms;-moz-animation-duration: 500ms\">\n\t\t[vc_single_image image=&#8221;11262&#8243; img_size=&#8221;full&#8221; alignment=&#8221;center&#8221;]\t<\/div>\n\n<\/div>[\/vc_column][vc_column offset=&#8221;vc_col-lg-6 vc_col-md-12&#8243; css=&#8221;.vc_custom_1559168999466{padding-top: 10px !important;padding-bottom: 10px !important;}&#8221;][vc_column_text]<\/p>\n<h2>Sonhar, Transformar Cidades e Territ\u00f3rios. Vis\u00e3o, Estrat\u00e9gia e Gest\u00e3o Aut\u00e1rquica<\/h2>\n<h2><span style=\"font-size: 20px;\">(3rd edition: enlarged and revised)<\/span><\/h2>\n<p>[\/vc_column_text][vc_empty_space height=&#8221;20&#8243;][vc_column_text]This manual for reflection on vision, strategy and municipal management is an easy way to acquire skills. Each chapter can be read separately and randomly, but reading the book from beginning to end is encouraged. It provides relevant bibliographical references, definition of fundamental concepts, case studies, benchmarking, tools and also practical activities and exercises, which can be carried out with teams or individually by those in the municipal or parish executive, be it a president, a councilor , a director, head of division or a technician or even by anyone who intends to apply.<\/p>\n<p>&nbsp;<\/p>\n<p><em>Out of stock<\/em><\/p>\n<p>&nbsp;<\/p>\n<p>Edition: Territ\u00f3rios Criativos<\/p>\n<p>Coordination and co-authorship: Lu\u00eds Matos Martins<\/p>\n<p>Authors: \u00a0Bruno Horta Soares | Filipa Esperan\u00e7a | Filipa Marques | Herm\u00ednia Ribeiro | Hugo Moreira Lu\u00eds | Jorge Monteverde | Lu\u00eds Dias Martins | Maria Loureiro de Lemos | Miguel Medeiros | Rui Braga | Rui Rosa | Vanessa Batista<\/p>\n<h1 style=\"display: block; overflow: hidden; height: 2px; width: 1px;\">reddit <a href=\"https:\/\/www.brreplicasderelogios.com.br\/produto\/rolex-day-date-40mm-masculino-m228396tbr-0021-pulseira-do-presidente\/\">rolex day date 40mm masculino m228396tbr 0021 pulseira do presidente<\/a> appeals several internet users<\/h1>\n<p>[\/vc_column_text]<div role=\"form\" class=\"wpcf7\" id=\"wpcf7-f11083-o1\" lang=\"en-US\" dir=\"ltr\">\n<div class=\"screen-reader-response\"><p role=\"status\" aria-live=\"polite\" aria-atomic=\"true\"><\/p> <ul><\/ul><\/div>\n<form action=\"\/en\/wp-json\/wp\/v2\/pages\/5496#wpcf7-f11083-o1\" method=\"post\" class=\"wpcf7-form init\" enctype=\"multipart\/form-data\" novalidate=\"novalidate\" data-status=\"init\">\n<div style=\"display: none;\">\n<input type=\"hidden\" name=\"_wpcf7\" value=\"11083\" \/>\n<input type=\"hidden\" name=\"_wpcf7_version\" value=\"5.5.6.1\" \/>\n<input type=\"hidden\" name=\"_wpcf7_locale\" value=\"en_US\" \/>\n<input type=\"hidden\" name=\"_wpcf7_unit_tag\" value=\"wpcf7-f11083-o1\" \/>\n<input type=\"hidden\" name=\"_wpcf7_container_post\" value=\"0\" \/>\n<input type=\"hidden\" name=\"_wpcf7_posted_data_hash\" value=\"\" \/>\n<\/div>\n<p><label><br \/>\nDados para Envio<br \/>\n<\/label><\/p>\n<div class=\"form-row\">\n<div class=\"column-half\"><span class=\"wpcf7-form-control-wrap your-name\"><input type=\"text\" name=\"your-name\" value=\"\" size=\"40\" class=\"wpcf7-form-control wpcf7-text wpcf7-validates-as-required\" aria-required=\"true\" aria-invalid=\"false\" placeholder=\"Name*\" \/><\/span><\/div>\n<div class=\"column-half-2\"><span class=\"wpcf7-form-control-wrap your-email\"><input type=\"email\" name=\"your-email\" value=\"\" size=\"40\" class=\"wpcf7-form-control wpcf7-text wpcf7-email wpcf7-validates-as-required wpcf7-validates-as-email\" aria-required=\"true\" aria-invalid=\"false\" placeholder=\"E-mail*\" \/><\/span><\/div>\n<\/div>\n<p><span class=\"wpcf7-form-control-wrap tel-214\"><input type=\"tel\" name=\"tel-214\" value=\"\" size=\"40\" class=\"wpcf7-form-control wpcf7-text wpcf7-tel wpcf7-validates-as-required wpcf7-validates-as-tel\" aria-required=\"true\" aria-invalid=\"false\" placeholder=\"Contact*\" \/><\/span><\/p>\n<p><span class=\"wpcf7-form-control-wrap text-215\"><input type=\"text\" name=\"text-215\" value=\"\" size=\"40\" class=\"wpcf7-form-control wpcf7-text wpcf7-validates-as-required\" aria-required=\"true\" aria-invalid=\"false\" placeholder=\"Shipping Address*\" \/><\/span><\/p>\n<p><label><br \/>\nBilling Data<br \/>\n<\/label><\/p>\n<p><span class=\"wpcf7-form-control-wrap text-216\"><input type=\"text\" name=\"text-216\" value=\"\" size=\"40\" class=\"wpcf7-form-control wpcf7-text wpcf7-validates-as-required\" aria-required=\"true\" aria-invalid=\"false\" placeholder=\"Name*\" \/><\/span><\/p>\n<p><span class=\"wpcf7-form-control-wrap text-217\"><input type=\"text\" name=\"text-217\" value=\"\" size=\"40\" class=\"wpcf7-form-control wpcf7-text wpcf7-validates-as-required\" aria-required=\"true\" aria-invalid=\"false\" placeholder=\"Billing Address*\" \/><\/span><\/p>\n<p><span class=\"wpcf7-form-control-wrap text-218\"><input type=\"text\" name=\"text-218\" value=\"\" size=\"40\" class=\"wpcf7-form-control wpcf7-text wpcf7-validates-as-required\" aria-required=\"true\" aria-invalid=\"false\" placeholder=\"Tax Identification Number*\" \/><\/span><\/p>\n<p><label><br \/>\nAttach proof of payment<\/p>\n<p><span class=\"wpcf7-form-control-wrap file-301\"><input type=\"file\" name=\"file-301\" size=\"40\" class=\"wpcf7-form-control wpcf7-file wpcf7-validates-as-required\" accept=\".jpg,.jpeg,.png,.gif,.pdf,.doc,.docx,.ppt,.pptx,.odt,.avi,.ogg,.m4a,.mov,.mp3,.mp4,.mpg,.wav,.wmv\" aria-required=\"true\" aria-invalid=\"false\" \/><\/span><\/p>\n<p><\/label><\/p>\n<div id=\"cf7sr-69f2994dab123\" class=\"cf7sr-g-recaptcha\" data-theme=\"light\" data-type=\"image\" data-size=\"normal\" data-sitekey=\"6Ld7HwMsAAAAAP0MohgesaeXM09s_rWwC5VWYjeH\"><\/div><span class=\"wpcf7-form-control-wrap cf7sr-recaptcha\" data-name=\"cf7sr-recaptcha\"><input type=\"hidden\" name=\"cf7sr-recaptcha\" value=\"\" class=\"wpcf7-form-control\"><\/span><\/p>\n<div style=\"margin-top:20px;\"><input type=\"submit\" value=\"Send\" class=\"wpcf7-form-control has-spinner wpcf7-submit\" \/><\/div>\n<div class=\"wpcf7-response-output\" aria-hidden=\"true\"><\/div><\/form><\/div>[\/vc_column][\/vc_row][vc_row content_width=&#8221;grid&#8221; css=&#8221;.vc_custom_1639410887732{padding-top: 25px !important;padding-bottom: 25px !important;background-color: #f73b4c !important;}&#8221;][vc_column][vc_column_text]<span style=\"color: #ffffff;\">Payment can be made to IBAN PT50 0018 000344228781020 56<\/span><\/p>\n<p>&nbsp;<\/p>\n<p><span style=\"color: #ffffff;\"><strong>SHIPPING COST OFFER (for mainland Portugal)!<\/strong><\/span>[\/vc_column_text][\/vc_column][\/vc_row][vc_row][vc_column][vc_column_text][\/vc_column_text][vc_empty_space][vc_column_text][\/vc_column_text][\/vc_column][\/vc_row][vc_row content_width=&#8221;grid&#8221; css=&#8221;.vc_custom_1704291041856{padding-top: 20px !important;padding-right: 40px !important;padding-bottom: 20px !important;padding-left: 40px !important;}&#8221;][vc_column offset=&#8221;vc_col-lg-6 vc_col-md-12&#8243; css=&#8221;.vc_custom_1559168990800{padding-top: 10px !important;padding-right: 4% !important;padding-bottom: 10px !important;}&#8221;][vc_column_text]<\/p>\n<h2>9 Formas de Empreender com Personalidade<\/h2>\n<p>[\/vc_column_text][vc_empty_space height=&#8221;20&#8243;][vc_column_text]The book \u201c9 formas de Empreender com Personalidade\u201d (\u201c9 ways to undertake with personality\u201d) is a powerful guide for entrepreneurs, that combines two areas of expertise: the Enneagram and Entrepreneurship.<br \/>\nThe authors, Ant\u00f3nio Cordeiro and Lu\u00eds Matos Martins, combine their knowledge and their will to make things happen in 180 pages filled with information. Challenge yourself: find the 9 types of entrepreneurs and discover yours!<\/p>\n<p>&nbsp;<\/p>\n<p><strong>Price:<\/strong> 25,00\u20ac (shipping costs included for mainland Portugal)[\/vc_column_text]<div role=\"form\" class=\"wpcf7\" id=\"wpcf7-f11085-o2\" lang=\"en-US\" dir=\"ltr\">\n<div class=\"screen-reader-response\"><p role=\"status\" aria-live=\"polite\" aria-atomic=\"true\"><\/p> <ul><\/ul><\/div>\n<form action=\"\/en\/wp-json\/wp\/v2\/pages\/5496#wpcf7-f11085-o2\" method=\"post\" class=\"wpcf7-form init\" enctype=\"multipart\/form-data\" novalidate=\"novalidate\" data-status=\"init\">\n<div style=\"display: none;\">\n<input type=\"hidden\" name=\"_wpcf7\" value=\"11085\" \/>\n<input type=\"hidden\" name=\"_wpcf7_version\" value=\"5.5.6.1\" \/>\n<input type=\"hidden\" name=\"_wpcf7_locale\" value=\"en_US\" \/>\n<input type=\"hidden\" name=\"_wpcf7_unit_tag\" value=\"wpcf7-f11085-o2\" \/>\n<input type=\"hidden\" name=\"_wpcf7_container_post\" value=\"0\" \/>\n<input type=\"hidden\" name=\"_wpcf7_posted_data_hash\" value=\"\" \/>\n<\/div>\n<p><label><br \/>\nShipping Details<br \/>\n<\/label><\/p>\n<div class=\"form-row\">\n<div class=\"column-half\"><span class=\"wpcf7-form-control-wrap your-name\"><input type=\"text\" name=\"your-name\" value=\"\" size=\"40\" class=\"wpcf7-form-control wpcf7-text wpcf7-validates-as-required\" aria-required=\"true\" aria-invalid=\"false\" placeholder=\"Name*\" \/><\/span><\/div>\n<div class=\"column-half-2\"><span class=\"wpcf7-form-control-wrap your-email\"><input type=\"email\" name=\"your-email\" value=\"\" size=\"40\" class=\"wpcf7-form-control wpcf7-text wpcf7-email wpcf7-validates-as-required wpcf7-validates-as-email\" aria-required=\"true\" aria-invalid=\"false\" placeholder=\"E-mail*\" \/><\/span><\/div>\n<\/div>\n<p><span class=\"wpcf7-form-control-wrap tel-214\"><input type=\"tel\" name=\"tel-214\" value=\"\" size=\"40\" class=\"wpcf7-form-control wpcf7-text wpcf7-tel wpcf7-validates-as-required wpcf7-validates-as-tel\" aria-required=\"true\" aria-invalid=\"false\" placeholder=\"Contact*\" \/><\/span><\/p>\n<p><span class=\"wpcf7-form-control-wrap text-215\"><input type=\"text\" name=\"text-215\" value=\"\" size=\"40\" class=\"wpcf7-form-control wpcf7-text wpcf7-validates-as-required\" aria-required=\"true\" aria-invalid=\"false\" placeholder=\"Shipping Address*\" \/><\/span><\/p>\n<p><label><br \/>\nBilling Data<br \/>\n<\/label><\/p>\n<p><span class=\"wpcf7-form-control-wrap text-216\"><input type=\"text\" name=\"text-216\" value=\"\" size=\"40\" class=\"wpcf7-form-control wpcf7-text wpcf7-validates-as-required\" aria-required=\"true\" aria-invalid=\"false\" placeholder=\"Name*\" \/><\/span><\/p>\n<p><span class=\"wpcf7-form-control-wrap text-217\"><input type=\"text\" name=\"text-217\" value=\"\" size=\"40\" class=\"wpcf7-form-control wpcf7-text wpcf7-validates-as-required\" aria-required=\"true\" aria-invalid=\"false\" placeholder=\"Billing Address*\" \/><\/span><\/p>\n<p><span class=\"wpcf7-form-control-wrap text-218\"><input type=\"text\" name=\"text-218\" value=\"\" size=\"40\" class=\"wpcf7-form-control wpcf7-text wpcf7-validates-as-required\" aria-required=\"true\" aria-invalid=\"false\" placeholder=\"Tax Identification Number*\" \/><\/span><\/p>\n<p><label><br \/>\nAttach proof of payment<\/p>\n<p><span class=\"wpcf7-form-control-wrap file-301\"><input type=\"file\" name=\"file-301\" size=\"40\" class=\"wpcf7-form-control wpcf7-file wpcf7-validates-as-required\" accept=\".jpg,.jpeg,.png,.gif,.pdf,.doc,.docx,.ppt,.pptx,.odt,.avi,.ogg,.m4a,.mov,.mp3,.mp4,.mpg,.wav,.wmv\" aria-required=\"true\" aria-invalid=\"false\" \/><\/span><\/p>\n<p><\/label><\/p>\n<div id=\"cf7sr-69f2994dab2f9\" class=\"cf7sr-g-recaptcha\" data-theme=\"light\" data-type=\"image\" data-size=\"normal\" data-sitekey=\"6Ld7HwMsAAAAAP0MohgesaeXM09s_rWwC5VWYjeH\"><\/div><span class=\"wpcf7-form-control-wrap cf7sr-recaptcha\" data-name=\"cf7sr-recaptcha\"><input type=\"hidden\" name=\"cf7sr-recaptcha\" value=\"\" class=\"wpcf7-form-control\"><\/span><\/p>\n<div style=\"margin-top:20px;\"><input type=\"submit\" value=\"Send\" class=\"wpcf7-form-control has-spinner wpcf7-submit\" \/><\/div>\n<div class=\"wpcf7-response-output\" aria-hidden=\"true\"><\/div><\/form><\/div>[\/vc_column][vc_column offset=&#8221;vc_col-lg-6 vc_col-md-12&#8243; css=&#8221;.vc_custom_1559168999466{padding-top: 10px !important;padding-bottom: 10px !important;}&#8221;]<div class=\"mkdf-animations-holder mkdf-element-from-left\" data-animation=\"mkdf-element-from-left\">\n\t<div style=\"transition-delay: 200ms;-webkit-animation-delay: 200ms;animation-delay: 200ms;animation-duration: 500ms;-webkit-animation-duration: 500ms;-moz-animation-duration: 500ms\">\n\t\t[vc_single_image image=&#8221;9055&#8243; img_size=&#8221;full&#8221; alignment=&#8221;center&#8221;]\t<\/div>\n\n<\/div>[\/vc_column][\/vc_row][vc_row content_width=&#8221;grid&#8221; css=&#8221;.vc_custom_1704291051254{padding-top: 20px !important;padding-right: 40px !important;padding-bottom: 90px !important;padding-left: 40px !important;}&#8221;][vc_column offset=&#8221;vc_col-lg-6 vc_col-md-12&#8243; css=&#8221;.vc_custom_1559168929940{padding-top: 10px !important;padding-right: 4% !important;padding-bottom: 10px !important;}&#8221;][vc_column_text]<\/p>\n<h2>StartIUPI \u2013 Fazer coisas<\/h2>\n<p>[\/vc_column_text][vc_empty_space height=&#8221;20&#8243;][vc_column_text]A kid asked for a trip to Disneyland by exchanging a draw he\/she made of a tree and a house? Great! The \u201cStartIUPI \u2013 Fazer Coisas\u201d is here! The perfect book to help parents and educators in their crusade to develop the entrepreneurial spirit in young people!<\/p>\n<p>The book approaches the ABC of entrepreneurship, the StartIUPI methodology, the 7 competences of an entrepreneur, and encourages children to do a lot of things, with more than 30 activities and project ideas!<\/p>\n<p>&nbsp;<\/p>\n<p><em>_Sold out_<\/em>[\/vc_column_text][\/vc_column][vc_column offset=&#8221;vc_col-lg-6 vc_col-md-12&#8243; css=&#8221;.vc_custom_1559168939739{padding-top: 10px !important;padding-bottom: 10px !important;}&#8221;]<div class=\"mkdf-animations-holder mkdf-element-from-right\" data-animation=\"mkdf-element-from-right\">\n\t<div style=\"transition-delay: 200ms;-webkit-animation-delay: 200ms;animation-delay: 200ms;animation-duration: 500ms;-webkit-animation-duration: 500ms;-moz-animation-duration: 500ms\">\n\t\t[vc_single_image image=&#8221;9061&#8243; img_size=&#8221;full&#8221; alignment=&#8221;center&#8221;]\t<\/div>\n\n<\/div>[\/vc_column][\/vc_row]<\/p>\n","protected":false},"excerpt":{"rendered":"<p>[vc_row content_width=&#8221;grid&#8221; css=&#8221;.vc_custom_1558380146343{padding-top: 110px !important;padding-right: 40px !important;padding-bottom: 110px !important;padding-left: 40px !important;}&#8221;][vc_column offset=&#8221;vc_col-lg-6 vc_col-md-12&#8243; css=&#8221;.vc_custom_1559168990800{padding-top: 10px !important;padding-right: 4% !important;padding-bottom: 10px !important;}&#8221;][\/vc_column][vc_column offset=&#8221;vc_col-lg-6 vc_col-md-12&#8243; css=&#8221;.vc_custom_1559168999466{padding-top: 10px !important;padding-bottom: 10px !important;}&#8221;][vc_column_text] Sonhar, Transformar Cidades e Territ\u00f3rios. Vis\u00e3o, Estrat\u00e9gia e Gest\u00e3o Aut\u00e1rquica (3rd edition: enlarged and revised) [\/vc_column_text][vc_empty_space height=&#8221;20&#8243;][vc_column_text]This manual&#8230;<\/p>\n","protected":false},"author":1,"featured_media":0,"parent":0,"menu_order":0,"comment_status":"closed","ping_status":"closed","template":"full-width.php","meta":[],"yoast_head":"<!-- This site is optimized with the Yoast SEO plugin v19.4 - https:\/\/yoast.com\/wordpress\/plugins\/seo\/ -->\n<title>Books - Territ\u00f3rios Criativos<\/title>\n<meta name=\"robots\" content=\"index, follow, max-snippet:-1, max-image-preview:large, max-video-preview:-1\" \/>\n<link rel=\"canonical\" href=\"https:\/\/territorioscriativos.pt\/en\/livros\/\" \/>\n<meta property=\"og:locale\" content=\"en_US\" \/>\n<meta property=\"og:type\" content=\"article\" \/>\n<meta property=\"og:title\" content=\"Books - Territ\u00f3rios Criativos\" \/>\n<meta property=\"og:description\" content=\"[vc_row content_width=&#8221;grid&#8221; css=&#8221;.vc_custom_1558380146343{padding-top: 110px !important;padding-right: 40px !important;padding-bottom: 110px !important;padding-left: 40px !important;}&#8221;][vc_column offset=&#8221;vc_col-lg-6 vc_col-md-12&#8243; css=&#8221;.vc_custom_1559168990800{padding-top: 10px !important;padding-right: 4% !important;padding-bottom: 10px !important;}&#8221;][\/vc_column][vc_column offset=&#8221;vc_col-lg-6 vc_col-md-12&#8243; css=&#8221;.vc_custom_1559168999466{padding-top: 10px !important;padding-bottom: 10px !important;}&#8221;][vc_column_text] Sonhar, Transformar Cidades e Territ\u00f3rios. Vis\u00e3o, Estrat\u00e9gia e Gest\u00e3o Aut\u00e1rquica (3rd edition: enlarged and revised) [\/vc_column_text][vc_empty_space height=&#8221;20&#8243;][vc_column_text]This manual...\" \/>\n<meta property=\"og:url\" content=\"https:\/\/territorioscriativos.pt\/en\/livros\/\" \/>\n<meta property=\"og:site_name\" content=\"Territ\u00f3rios Criativos\" \/>\n<meta property=\"article:publisher\" content=\"https:\/\/www.facebook.com\/territorioscriativos.pt\" \/>\n<meta property=\"article:modified_time\" content=\"2025-05-30T16:18:00+00:00\" \/>\n<meta name=\"twitter:card\" content=\"summary_large_image\" \/>\n<meta name=\"twitter:label1\" content=\"Est. reading time\" \/>\n\t<meta name=\"twitter:data1\" content=\"3 minutes\" \/>\n<script type=\"application\/ld+json\" class=\"yoast-schema-graph\">{\"@context\":\"https:\/\/schema.org\",\"@graph\":[{\"@type\":\"WebSite\",\"@id\":\"https:\/\/territorioscriativos.eu\/#website\",\"url\":\"https:\/\/territorioscriativos.eu\/\",\"name\":\"Territ\u00f3rios Criativos\",\"description\":\"\",\"potentialAction\":[{\"@type\":\"SearchAction\",\"target\":{\"@type\":\"EntryPoint\",\"urlTemplate\":\"https:\/\/territorioscriativos.eu\/?s={search_term_string}\"},\"query-input\":\"required name=search_term_string\"}],\"inLanguage\":\"en-US\"},{\"@type\":\"WebPage\",\"@id\":\"https:\/\/territorioscriativos.pt\/en\/livros\/\",\"url\":\"https:\/\/territorioscriativos.pt\/en\/livros\/\",\"name\":\"Books - Territ\u00f3rios Criativos\",\"isPartOf\":{\"@id\":\"https:\/\/territorioscriativos.eu\/#website\"},\"datePublished\":\"2019-05-23T20:19:56+00:00\",\"dateModified\":\"2025-05-30T16:18:00+00:00\",\"breadcrumb\":{\"@id\":\"https:\/\/territorioscriativos.pt\/en\/livros\/#breadcrumb\"},\"inLanguage\":\"en-US\",\"potentialAction\":[{\"@type\":\"ReadAction\",\"target\":[\"https:\/\/territorioscriativos.pt\/en\/livros\/\"]}]},{\"@type\":\"BreadcrumbList\",\"@id\":\"https:\/\/territorioscriativos.pt\/en\/livros\/#breadcrumb\",\"itemListElement\":[{\"@type\":\"ListItem\",\"position\":1,\"name\":\"Home\",\"item\":\"https:\/\/territorioscriativos.pt\/en\/professional-home\/\"},{\"@type\":\"ListItem\",\"position\":2,\"name\":\"Books\"}]}]}<\/script>\n<!-- \/ Yoast SEO plugin. -->","yoast_head_json":{"title":"Books - Territ\u00f3rios Criativos","robots":{"index":"index","follow":"follow","max-snippet":"max-snippet:-1","max-image-preview":"max-image-preview:large","max-video-preview":"max-video-preview:-1"},"canonical":"https:\/\/territorioscriativos.pt\/en\/livros\/","og_locale":"en_US","og_type":"article","og_title":"Books - Territ\u00f3rios Criativos","og_description":"[vc_row content_width=&#8221;grid&#8221; css=&#8221;.vc_custom_1558380146343{padding-top: 110px !important;padding-right: 40px !important;padding-bottom: 110px !important;padding-left: 40px !important;}&#8221;][vc_column offset=&#8221;vc_col-lg-6 vc_col-md-12&#8243; css=&#8221;.vc_custom_1559168990800{padding-top: 10px !important;padding-right: 4% !important;padding-bottom: 10px !important;}&#8221;][\/vc_column][vc_column offset=&#8221;vc_col-lg-6 vc_col-md-12&#8243; css=&#8221;.vc_custom_1559168999466{padding-top: 10px !important;padding-bottom: 10px !important;}&#8221;][vc_column_text] Sonhar, Transformar Cidades e Territ\u00f3rios. Vis\u00e3o, Estrat\u00e9gia e Gest\u00e3o Aut\u00e1rquica (3rd edition: enlarged and revised) [\/vc_column_text][vc_empty_space height=&#8221;20&#8243;][vc_column_text]This manual...","og_url":"https:\/\/territorioscriativos.pt\/en\/livros\/","og_site_name":"Territ\u00f3rios Criativos","article_publisher":"https:\/\/www.facebook.com\/territorioscriativos.pt","article_modified_time":"2025-05-30T16:18:00+00:00","twitter_card":"summary_large_image","twitter_misc":{"Est. reading time":"3 minutes"},"schema":{"@context":"https:\/\/schema.org","@graph":[{"@type":"WebSite","@id":"https:\/\/territorioscriativos.eu\/#website","url":"https:\/\/territorioscriativos.eu\/","name":"Territ\u00f3rios Criativos","description":"","potentialAction":[{"@type":"SearchAction","target":{"@type":"EntryPoint","urlTemplate":"https:\/\/territorioscriativos.eu\/?s={search_term_string}"},"query-input":"required name=search_term_string"}],"inLanguage":"en-US"},{"@type":"WebPage","@id":"https:\/\/territorioscriativos.pt\/en\/livros\/","url":"https:\/\/territorioscriativos.pt\/en\/livros\/","name":"Books - Territ\u00f3rios Criativos","isPartOf":{"@id":"https:\/\/territorioscriativos.eu\/#website"},"datePublished":"2019-05-23T20:19:56+00:00","dateModified":"2025-05-30T16:18:00+00:00","breadcrumb":{"@id":"https:\/\/territorioscriativos.pt\/en\/livros\/#breadcrumb"},"inLanguage":"en-US","potentialAction":[{"@type":"ReadAction","target":["https:\/\/territorioscriativos.pt\/en\/livros\/"]}]},{"@type":"BreadcrumbList","@id":"https:\/\/territorioscriativos.pt\/en\/livros\/#breadcrumb","itemListElement":[{"@type":"ListItem","position":1,"name":"Home","item":"https:\/\/territorioscriativos.pt\/en\/professional-home\/"},{"@type":"ListItem","position":2,"name":"Books"}]}]}},"_links":{"self":[{"href":"https:\/\/territorioscriativos.pt\/en\/wp-json\/wp\/v2\/pages\/5496"}],"collection":[{"href":"https:\/\/territorioscriativos.pt\/en\/wp-json\/wp\/v2\/pages"}],"about":[{"href":"https:\/\/territorioscriativos.pt\/en\/wp-json\/wp\/v2\/types\/page"}],"author":[{"embeddable":true,"href":"https:\/\/territorioscriativos.pt\/en\/wp-json\/wp\/v2\/users\/1"}],"replies":[{"embeddable":true,"href":"https:\/\/territorioscriativos.pt\/en\/wp-json\/wp\/v2\/comments?post=5496"}],"version-history":[{"count":23,"href":"https:\/\/territorioscriativos.pt\/en\/wp-json\/wp\/v2\/pages\/5496\/revisions"}],"predecessor-version":[{"id":11375,"href":"https:\/\/territorioscriativos.pt\/en\/wp-json\/wp\/v2\/pages\/5496\/revisions\/11375"}],"wp:attachment":[{"href":"https:\/\/territorioscriativos.pt\/en\/wp-json\/wp\/v2\/media?parent=5496"}],"curies":[{"name":"wp","href":"https:\/\/api.w.org\/{rel}","templated":true}]}}