
{"id":5498,"date":"2019-05-29T17:17:54","date_gmt":"2019-05-29T17:17:54","guid":{"rendered":"https:\/\/www.territorioscriativos.eu\/net-me-up\/"},"modified":"2024-01-08T18:46:48","modified_gmt":"2024-01-08T18:46:48","slug":"net-me-up","status":"publish","type":"page","link":"https:\/\/territorioscriativos.pt\/en\/net-me-up\/","title":{"rendered":"Net Me Up"},"content":{"rendered":"<p>[vc_row css=&#8221;.vc_custom_1559148993891{margin-bottom: 70px !important;}&#8221;][vc_column width=&#8221;1\/2&#8243; css=&#8221;.vc_custom_1559216811398{padding-top: 10px !important;padding-bottom: 10px !important;}&#8221;][vc_column_text css=&#8221;.vc_custom_1704473371548{margin-bottom: 40px !important;}&#8221;]<\/p>\n<h3 style=\"color: #646464;\">Net Me Up has arrived on the Tejo river!<\/h3>\n<p>[\/vc_column_text][vc_column_text]After 4 editions traveling along the Algarve coast, Net Me Up, the largest Pitch &amp; Networking program in the Tourism sector and on board a vessel, arrived on the Tejo river.<\/p>\n<p>&nbsp;<\/p>\n<p>Net Me Up is a Pitch &amp; Networking program with the mission to support and leverage entrepreneurs and startups linked to Tourism to access investors, partners, mentors and potential customers, on board a vessel.<\/p>\n<p>&nbsp;<\/p>\n<p>On board there will be around 100 people, including entrepreneurs, investors, partners and potential customers, who will have a moment of networking and access to inspiring talks.<\/p>\n<p>&nbsp;<\/p>\n<h3><strong>\u201cThe AI \u200b\u200brevolution in the Tourism sector\u201d and \u201cBusiness tourism in the fight against seasonality\u201d will be the central themes of reflection in our guests\u2019 talks.<\/strong><\/h3>\n<p>&nbsp;<\/p>\n<p><span style=\"font-size: 18px;\">Afterwards, and already on land, the 6 finalists selected a priori will compete for the prize of <strong><span style=\"color: #e13f24;\">\u20ac2,000 and 6 months of incubation<\/span><\/strong> with Territ\u00f3rios Criativos, presenting your Pitch to the panel of judges.<\/span><\/p>\n<p>&nbsp;<\/p>\n<p><strong>TARGET<\/strong><\/p>\n<p>Technological and non-technological projects, preferably within the following typologies:<\/p>\n<ol>\n<li>Mobility and sustainable consumption, for companies and tourists;<\/li>\n<li>Seamless experience throughout the tourist\u2019s travel cycle;<\/li>\n<li>Segmentation and personalization of digital strategies for companies and destinations;<\/li>\n<li>Optimization of companies&#8217; business operations in terms of management and marketing;<\/li>\n<li>Valuing the strategic assets of the Tourism Strategy 2027<\/li>\n<\/ol>\n<p>&nbsp;<\/p>\n<h3>Download the program regulation <a href=\"https:\/\/territorioscriativos.pt\/wp-content\/uploads\/2024\/01\/NET-ME-UP-2024_Regulamento-EN.pdf\" target=\"_blank\" rel=\"noopener\"><strong>here<\/strong><\/a>.<\/h3>\n<h3>Access the application form <strong><a href=\"https:\/\/forms.gle\/tDsKr8UrTZa7yah1A\" target=\"_blank\" rel=\"noopener\">here<\/a>.<\/strong><\/h3>\n<p>&nbsp;<\/p>\n<p><strong>PARTNERS<\/strong><\/p>\n<p>This is a program promoted by Territ\u00f3rios Criativos, with the support of Turismo de Portugal and, in this edition, it has partners such as the Municipality of Alcochete, the Municipality of Barreiro and Macieira Cream.[\/vc_column_text][vc_empty_space][\/vc_column][vc_column width=&#8221;1\/2&#8243; css=&#8221;.vc_custom_1704458915402{margin-left: 50px !important;}&#8221; offset=&#8221;vc_hidden-xs&#8221;][vc_empty_space height=&#8221;100px&#8221;]<div class=\"mkdf-image-gallery\">\n\t<div class=\"mkdf-image-gallery-grid clearfix mkdf-gallery-columns-2 \">\n\t\t\t\t\t<div class=\"mkdf-gallery-image  \">\n\t\t\t\t\n\t\t\t\t\t\t\t\t\t\t\t<img width=\"2560\" height=\"2167\" src=\"https:\/\/territorioscriativos.pt\/wp-content\/uploads\/2024\/01\/netmeup-foto6-scaled.jpg\" class=\"attachment-full size-full\" alt=\"\" loading=\"lazy\" srcset=\"https:\/\/territorioscriativos.pt\/wp-content\/uploads\/2024\/01\/netmeup-foto6-scaled.jpg 2560w, https:\/\/territorioscriativos.pt\/wp-content\/uploads\/2024\/01\/netmeup-foto6-300x254.jpg 300w, https:\/\/territorioscriativos.pt\/wp-content\/uploads\/2024\/01\/netmeup-foto6-1024x867.jpg 1024w, https:\/\/territorioscriativos.pt\/wp-content\/uploads\/2024\/01\/netmeup-foto6-768x650.jpg 768w, https:\/\/territorioscriativos.pt\/wp-content\/uploads\/2024\/01\/netmeup-foto6-1536x1300.jpg 1536w\" sizes=\"(max-width: 2560px) 100vw, 2560px\" \/>\t\t\t\t\t\n\t\t\t\t\t\t\t<\/div>\n\t\t\t\t\t<div class=\"mkdf-gallery-image  \">\n\t\t\t\t\n\t\t\t\t\t\t\t\t\t\t\t<img width=\"2560\" height=\"2158\" src=\"https:\/\/territorioscriativos.pt\/wp-content\/uploads\/2024\/01\/netmeup-foto5-scaled.jpg\" class=\"attachment-full size-full\" alt=\"\" loading=\"lazy\" srcset=\"https:\/\/territorioscriativos.pt\/wp-content\/uploads\/2024\/01\/netmeup-foto5-scaled.jpg 2560w, https:\/\/territorioscriativos.pt\/wp-content\/uploads\/2024\/01\/netmeup-foto5-300x253.jpg 300w, https:\/\/territorioscriativos.pt\/wp-content\/uploads\/2024\/01\/netmeup-foto5-1024x863.jpg 1024w, https:\/\/territorioscriativos.pt\/wp-content\/uploads\/2024\/01\/netmeup-foto5-768x647.jpg 768w, https:\/\/territorioscriativos.pt\/wp-content\/uploads\/2024\/01\/netmeup-foto5-1536x1295.jpg 1536w\" sizes=\"(max-width: 2560px) 100vw, 2560px\" \/>\t\t\t\t\t\n\t\t\t\t\t\t\t<\/div>\n\t\t\t\t\t<div class=\"mkdf-gallery-image  \">\n\t\t\t\t\n\t\t\t\t\t\t\t\t\t\t\t<img width=\"2560\" height=\"2163\" src=\"https:\/\/territorioscriativos.pt\/wp-content\/uploads\/2024\/01\/netmeup-foto4-scaled.jpg\" class=\"attachment-full size-full\" alt=\"\" loading=\"lazy\" srcset=\"https:\/\/territorioscriativos.pt\/wp-content\/uploads\/2024\/01\/netmeup-foto4-scaled.jpg 2560w, https:\/\/territorioscriativos.pt\/wp-content\/uploads\/2024\/01\/netmeup-foto4-300x254.jpg 300w, https:\/\/territorioscriativos.pt\/wp-content\/uploads\/2024\/01\/netmeup-foto4-1024x865.jpg 1024w, https:\/\/territorioscriativos.pt\/wp-content\/uploads\/2024\/01\/netmeup-foto4-768x649.jpg 768w, https:\/\/territorioscriativos.pt\/wp-content\/uploads\/2024\/01\/netmeup-foto4-1536x1298.jpg 1536w\" sizes=\"(max-width: 2560px) 100vw, 2560px\" \/>\t\t\t\t\t\n\t\t\t\t\t\t\t<\/div>\n\t\t\t\t\t<div class=\"mkdf-gallery-image  \">\n\t\t\t\t\n\t\t\t\t\t\t\t\t\t\t\t<img width=\"1457\" height=\"1234\" src=\"https:\/\/territorioscriativos.pt\/wp-content\/uploads\/2024\/01\/netmeup-foto3.jpg\" class=\"attachment-full size-full\" alt=\"\" loading=\"lazy\" srcset=\"https:\/\/territorioscriativos.pt\/wp-content\/uploads\/2024\/01\/netmeup-foto3.jpg 1457w, https:\/\/territorioscriativos.pt\/wp-content\/uploads\/2024\/01\/netmeup-foto3-300x254.jpg 300w, https:\/\/territorioscriativos.pt\/wp-content\/uploads\/2024\/01\/netmeup-foto3-1024x867.jpg 1024w, https:\/\/territorioscriativos.pt\/wp-content\/uploads\/2024\/01\/netmeup-foto3-768x650.jpg 768w\" sizes=\"(max-width: 1457px) 100vw, 1457px\" \/>\t\t\t\t\t\n\t\t\t\t\t\t\t<\/div>\n\t\t\t\t\t<div class=\"mkdf-gallery-image  \">\n\t\t\t\t\n\t\t\t\t\t\t\t\t\t\t\t<img width=\"2560\" height=\"2173\" src=\"https:\/\/territorioscriativos.pt\/wp-content\/uploads\/2024\/01\/netmeup-foto1-scaled.jpg\" class=\"attachment-full size-full\" alt=\"\" loading=\"lazy\" srcset=\"https:\/\/territorioscriativos.pt\/wp-content\/uploads\/2024\/01\/netmeup-foto1-scaled.jpg 2560w, https:\/\/territorioscriativos.pt\/wp-content\/uploads\/2024\/01\/netmeup-foto1-300x255.jpg 300w, https:\/\/territorioscriativos.pt\/wp-content\/uploads\/2024\/01\/netmeup-foto1-1024x869.jpg 1024w, https:\/\/territorioscriativos.pt\/wp-content\/uploads\/2024\/01\/netmeup-foto1-768x652.jpg 768w, https:\/\/territorioscriativos.pt\/wp-content\/uploads\/2024\/01\/netmeup-foto1-1536x1304.jpg 1536w\" sizes=\"(max-width: 2560px) 100vw, 2560px\" \/>\t\t\t\t\t\n\t\t\t\t\t\t\t<\/div>\n\t\t\t\t\t<div class=\"mkdf-gallery-image  \">\n\t\t\t\t\n\t\t\t\t\t\t\t\t\t\t\t<img width=\"2560\" height=\"2158\" src=\"https:\/\/territorioscriativos.pt\/wp-content\/uploads\/2024\/01\/netmeup-foto2-scaled.jpg\" class=\"attachment-full size-full\" alt=\"\" loading=\"lazy\" srcset=\"https:\/\/territorioscriativos.pt\/wp-content\/uploads\/2024\/01\/netmeup-foto2-scaled.jpg 2560w, https:\/\/territorioscriativos.pt\/wp-content\/uploads\/2024\/01\/netmeup-foto2-300x253.jpg 300w, https:\/\/territorioscriativos.pt\/wp-content\/uploads\/2024\/01\/netmeup-foto2-1024x863.jpg 1024w, https:\/\/territorioscriativos.pt\/wp-content\/uploads\/2024\/01\/netmeup-foto2-768x647.jpg 768w, https:\/\/territorioscriativos.pt\/wp-content\/uploads\/2024\/01\/netmeup-foto2-1536x1295.jpg 1536w\" sizes=\"(max-width: 2560px) 100vw, 2560px\" \/>\t\t\t\t\t\n\t\t\t\t\t\t\t<\/div>\n\t\t\t<\/div>\n<\/div>[\/vc_column][\/vc_row]<\/p>\n","protected":false},"excerpt":{"rendered":"<p>[vc_row css=&#8221;.vc_custom_1559148993891{margin-bottom: 70px !important;}&#8221;][vc_column width=&#8221;1\/2&#8243; css=&#8221;.vc_custom_1559216811398{padding-top: 10px !important;padding-bottom: 10px !important;}&#8221;][vc_column_text css=&#8221;.vc_custom_1704473371548{margin-bottom: 40px !important;}&#8221;] Net Me Up has arrived on the Tejo river! [\/vc_column_text][vc_column_text]After 4 editions traveling along the Algarve coast, Net Me Up, the largest Pitch &amp; Networking program in the Tourism sector and on&#8230;<\/p>\n","protected":false},"author":1,"featured_media":0,"parent":0,"menu_order":0,"comment_status":"closed","ping_status":"closed","template":"","meta":[],"yoast_head":"<!-- This site is optimized with the Yoast SEO plugin v19.4 - https:\/\/yoast.com\/wordpress\/plugins\/seo\/ -->\n<title>Net Me Up - Territ\u00f3rios Criativos<\/title>\n<meta name=\"description\" content=\"O Net Me UP \u00e9 um programa de networking que tem por miss\u00e3o apoiar e alavancar empreendedores e startups ligadas ao Turismo, preferencialmente instaladas no Baixo Alentejo, e Algarve ainda que esteja aberto a participantes de outras zonas do pa\u00eds, a aceder a investidores, parceiros, mentores e potenciais clientes, a bordo de uma embarca\u00e7\u00e3o. % %\" \/>\n<meta name=\"robots\" content=\"index, follow, max-snippet:-1, max-image-preview:large, max-video-preview:-1\" \/>\n<link rel=\"canonical\" href=\"https:\/\/territorioscriativos.pt\/en\/net-me-up\/\" \/>\n<meta property=\"og:locale\" content=\"en_US\" \/>\n<meta property=\"og:type\" content=\"article\" \/>\n<meta property=\"og:title\" content=\"Net Me Up - Territ\u00f3rios Criativos\" \/>\n<meta property=\"og:description\" content=\"O Net Me UP \u00e9 um programa de networking que tem por miss\u00e3o apoiar e alavancar empreendedores e startups ligadas ao Turismo, preferencialmente instaladas no Baixo Alentejo, e Algarve ainda que esteja aberto a participantes de outras zonas do pa\u00eds, a aceder a investidores, parceiros, mentores e potenciais clientes, a bordo de uma embarca\u00e7\u00e3o. % %\" \/>\n<meta property=\"og:url\" content=\"https:\/\/territorioscriativos.pt\/en\/net-me-up\/\" \/>\n<meta property=\"og:site_name\" content=\"Territ\u00f3rios Criativos\" \/>\n<meta property=\"article:publisher\" content=\"https:\/\/www.facebook.com\/territorioscriativos.pt\" \/>\n<meta property=\"article:modified_time\" content=\"2024-01-08T18:46:48+00:00\" \/>\n<meta name=\"twitter:card\" content=\"summary_large_image\" \/>\n<meta name=\"twitter:label1\" content=\"Est. reading time\" \/>\n\t<meta name=\"twitter:data1\" content=\"2 minutes\" \/>\n<script type=\"application\/ld+json\" class=\"yoast-schema-graph\">{\"@context\":\"https:\/\/schema.org\",\"@graph\":[{\"@type\":\"WebSite\",\"@id\":\"https:\/\/territorioscriativos.eu\/#website\",\"url\":\"https:\/\/territorioscriativos.eu\/\",\"name\":\"Territ\u00f3rios Criativos\",\"description\":\"\",\"potentialAction\":[{\"@type\":\"SearchAction\",\"target\":{\"@type\":\"EntryPoint\",\"urlTemplate\":\"https:\/\/territorioscriativos.eu\/?s={search_term_string}\"},\"query-input\":\"required name=search_term_string\"}],\"inLanguage\":\"en-US\"},{\"@type\":\"WebPage\",\"@id\":\"https:\/\/territorioscriativos.pt\/en\/net-me-up\/\",\"url\":\"https:\/\/territorioscriativos.pt\/en\/net-me-up\/\",\"name\":\"Net Me Up - Territ\u00f3rios Criativos\",\"isPartOf\":{\"@id\":\"https:\/\/territorioscriativos.eu\/#website\"},\"datePublished\":\"2019-05-29T17:17:54+00:00\",\"dateModified\":\"2024-01-08T18:46:48+00:00\",\"description\":\"O Net Me UP \u00e9 um programa de networking que tem por miss\u00e3o apoiar e alavancar empreendedores e startups ligadas ao Turismo, preferencialmente instaladas no Baixo Alentejo, e Algarve ainda que esteja aberto a participantes de outras zonas do pa\u00eds, a aceder a investidores, parceiros, mentores e potenciais clientes, a bordo de uma embarca\u00e7\u00e3o. % %\",\"breadcrumb\":{\"@id\":\"https:\/\/territorioscriativos.pt\/en\/net-me-up\/#breadcrumb\"},\"inLanguage\":\"en-US\",\"potentialAction\":[{\"@type\":\"ReadAction\",\"target\":[\"https:\/\/territorioscriativos.pt\/en\/net-me-up\/\"]}]},{\"@type\":\"BreadcrumbList\",\"@id\":\"https:\/\/territorioscriativos.pt\/en\/net-me-up\/#breadcrumb\",\"itemListElement\":[{\"@type\":\"ListItem\",\"position\":1,\"name\":\"Home\",\"item\":\"https:\/\/territorioscriativos.pt\/en\/professional-home\/\"},{\"@type\":\"ListItem\",\"position\":2,\"name\":\"Net Me Up\"}]}]}<\/script>\n<!-- \/ Yoast SEO plugin. -->","yoast_head_json":{"title":"Net Me Up - Territ\u00f3rios Criativos","description":"O Net Me UP \u00e9 um programa de networking que tem por miss\u00e3o apoiar e alavancar empreendedores e startups ligadas ao Turismo, preferencialmente instaladas no Baixo Alentejo, e Algarve ainda que esteja aberto a participantes de outras zonas do pa\u00eds, a aceder a investidores, parceiros, mentores e potenciais clientes, a bordo de uma embarca\u00e7\u00e3o. % %","robots":{"index":"index","follow":"follow","max-snippet":"max-snippet:-1","max-image-preview":"max-image-preview:large","max-video-preview":"max-video-preview:-1"},"canonical":"https:\/\/territorioscriativos.pt\/en\/net-me-up\/","og_locale":"en_US","og_type":"article","og_title":"Net Me Up - Territ\u00f3rios Criativos","og_description":"O Net Me UP \u00e9 um programa de networking que tem por miss\u00e3o apoiar e alavancar empreendedores e startups ligadas ao Turismo, preferencialmente instaladas no Baixo Alentejo, e Algarve ainda que esteja aberto a participantes de outras zonas do pa\u00eds, a aceder a investidores, parceiros, mentores e potenciais clientes, a bordo de uma embarca\u00e7\u00e3o. % %","og_url":"https:\/\/territorioscriativos.pt\/en\/net-me-up\/","og_site_name":"Territ\u00f3rios Criativos","article_publisher":"https:\/\/www.facebook.com\/territorioscriativos.pt","article_modified_time":"2024-01-08T18:46:48+00:00","twitter_card":"summary_large_image","twitter_misc":{"Est. reading time":"2 minutes"},"schema":{"@context":"https:\/\/schema.org","@graph":[{"@type":"WebSite","@id":"https:\/\/territorioscriativos.eu\/#website","url":"https:\/\/territorioscriativos.eu\/","name":"Territ\u00f3rios Criativos","description":"","potentialAction":[{"@type":"SearchAction","target":{"@type":"EntryPoint","urlTemplate":"https:\/\/territorioscriativos.eu\/?s={search_term_string}"},"query-input":"required name=search_term_string"}],"inLanguage":"en-US"},{"@type":"WebPage","@id":"https:\/\/territorioscriativos.pt\/en\/net-me-up\/","url":"https:\/\/territorioscriativos.pt\/en\/net-me-up\/","name":"Net Me Up - Territ\u00f3rios Criativos","isPartOf":{"@id":"https:\/\/territorioscriativos.eu\/#website"},"datePublished":"2019-05-29T17:17:54+00:00","dateModified":"2024-01-08T18:46:48+00:00","description":"O Net Me UP \u00e9 um programa de networking que tem por miss\u00e3o apoiar e alavancar empreendedores e startups ligadas ao Turismo, preferencialmente instaladas no Baixo Alentejo, e Algarve ainda que esteja aberto a participantes de outras zonas do pa\u00eds, a aceder a investidores, parceiros, mentores e potenciais clientes, a bordo de uma embarca\u00e7\u00e3o. % %","breadcrumb":{"@id":"https:\/\/territorioscriativos.pt\/en\/net-me-up\/#breadcrumb"},"inLanguage":"en-US","potentialAction":[{"@type":"ReadAction","target":["https:\/\/territorioscriativos.pt\/en\/net-me-up\/"]}]},{"@type":"BreadcrumbList","@id":"https:\/\/territorioscriativos.pt\/en\/net-me-up\/#breadcrumb","itemListElement":[{"@type":"ListItem","position":1,"name":"Home","item":"https:\/\/territorioscriativos.pt\/en\/professional-home\/"},{"@type":"ListItem","position":2,"name":"Net Me Up"}]}]}},"_links":{"self":[{"href":"https:\/\/territorioscriativos.pt\/en\/wp-json\/wp\/v2\/pages\/5498"}],"collection":[{"href":"https:\/\/territorioscriativos.pt\/en\/wp-json\/wp\/v2\/pages"}],"about":[{"href":"https:\/\/territorioscriativos.pt\/en\/wp-json\/wp\/v2\/types\/page"}],"author":[{"embeddable":true,"href":"https:\/\/territorioscriativos.pt\/en\/wp-json\/wp\/v2\/users\/1"}],"replies":[{"embeddable":true,"href":"https:\/\/territorioscriativos.pt\/en\/wp-json\/wp\/v2\/comments?post=5498"}],"version-history":[{"count":11,"href":"https:\/\/territorioscriativos.pt\/en\/wp-json\/wp\/v2\/pages\/5498\/revisions"}],"predecessor-version":[{"id":11131,"href":"https:\/\/territorioscriativos.pt\/en\/wp-json\/wp\/v2\/pages\/5498\/revisions\/11131"}],"wp:attachment":[{"href":"https:\/\/territorioscriativos.pt\/en\/wp-json\/wp\/v2\/media?parent=5498"}],"curies":[{"name":"wp","href":"https:\/\/api.w.org\/{rel}","templated":true}]}}