
{"id":5509,"date":"2019-05-29T17:29:12","date_gmt":"2019-05-29T17:29:12","guid":{"rendered":"https:\/\/www.territorioscriativos.eu\/tourism-up\/"},"modified":"2019-06-25T16:52:25","modified_gmt":"2019-06-25T16:52:25","slug":"tourism-up","status":"publish","type":"page","link":"https:\/\/territorioscriativos.pt\/en\/tourism-up\/","title":{"rendered":"Tourism UP"},"content":{"rendered":"<p>[vc_row css=&#8221;.vc_custom_1559153922815{margin-bottom: 50px !important;}&#8221;][vc_column][vc_single_image image=&#8221;4863&#8243; img_size=&#8221;full&#8221; alignment=&#8221;center&#8221;][\/vc_column][\/vc_row][vc_row css=&#8221;.vc_custom_1559148993891{margin-bottom: 70px !important;}&#8221;][vc_column width=&#8221;2\/3&#8243; css=&#8221;.vc_custom_1559216551384{padding-top: 10px !important;padding-bottom: 10px !important;}&#8221;][vc_single_image image=&#8221;4848&#8243; img_size=&#8221;full&#8221;][vc_empty_space][vc_column_text css=&#8221;.vc_custom_1561480970261{margin-bottom: 40px !important;}&#8221;]<\/p>\n<h3 style=\"color: #646464;\"><em>Program Closed<\/em><\/h3>\n<p>[\/vc_column_text][vc_column_text]Tourism Up (3rd edition) is an acceleration program that seeks to support startups in the development of tourism related businesses, promoting innovation and creation of entrepreneurial networks in the sector.<\/p>\n<h4 style=\"margin-top: 20px;\">Program:<\/h4>\n<p style=\"margin-bottom: 10px;\">Launch Tourism Up 2019 &amp; Opening of Applications &gt; Roadshow in 25 Locations &gt; 1\u00ba Bootcamp &gt; Mentorship &gt; 2\u00ba Bootcamp &gt; Final Tourism Up<\/p>\n<p style=\"margin-bottom: 10px;\">Tourism Up will happen between <strong>July and December of 2019<\/strong>. The acceleration bootcamps will happen during <strong>November<\/strong>, and the grand final will be in <strong>December<\/strong>.<\/p>\n<p>The winner will receive <strong>5000\u20ac + 500\u20ac (SEO)<\/strong>, the second and third place will receive <strong>1000\u20ac e 500\u20ac<\/strong> respectively. All participants and winners will have access to our network of partners.<\/p>\n<h4 style=\"margin-top: 20px;\">Roadshow:<\/h4>\n<p>Alcanena, Aljezur, Alter do Ch\u00e3o, Arruda dos Vinhos, Benavente, Ericeira, \u00c9vora, Lagoa, Lagos, Loul\u00e9, Loures, M\u00e9rtola, Montemor-o-Novo, Ponte de Lima, Portim\u00e3o, Porto de M\u00f3s, Ribeira Grande, S\u00e3o Pedro do Sul, Sines, Torres Vedras, Trancoso, Viana do Castelo, Vila Nova Famalic\u00e3o, Vila Real, Vouzela. Applications open soon! Be aware!<\/p>\n<h4 style=\"margin-top: 20px;\">Previous editions:<\/h4>\n<p>The 2nd edition of Tourism Up crossed the country from North to South, and stopped by <strong>30 locations<\/strong>. EThis program aimed to promote projects in the areas of Tourism and the valorisation of endogenous products, and had <strong>35 projects<\/strong> participating. The winners were <strong>a City Check, Portugal Farm Experience, and Gin Black Pig<\/strong>, that won <strong>4000\u20ac, 500\u20ac e 500\u20ac<\/strong> respectively.<\/p>\n<h4 style=\"margin-top: 20px;\">Partners:<\/h4>\n<p><strong>Turismo de Portugal<\/strong>; <strong>GEN Portugal<\/strong>.[\/vc_column_text][\/vc_column][vc_column width=&#8221;1\/3&#8243; css=&#8221;.vc_custom_1559216544474{padding-top: 10px !important;padding-bottom: 10px !important;}&#8221;][vc_column_text]<\/p>\n<p>\n    <span class=\"mkdf-icon-shortcode circle\" style=\"margin: 0 10px 0 0px;width: 43px;height: 43px;line-height: 43px;background-color: #f73b4c;border-width: 0px;border-style: solid\" data-color=\"#ffffff\">\n                    <a href=\"https:\/\/www.facebook.com\/tourismup.pt\/\" target=\"_blank\">\n        \n                                    <span class=\"mkdf-image-icon\">\n\t\t\t\t\t\t                            <span aria-hidden=\"true\" class=\"mkdf-icon-font-elegant social_facebook mkdf-icon-element\" style=\"color: #ffffff;font-size:15px\" ><\/span>                                            <\/span>\n                \n                    <\/a>\n            <\/span>\n\n\n    <span class=\"mkdf-icon-shortcode circle\" style=\"margin: 0 10px 0 0;width: 43px;height: 43px;line-height: 43px;background-color: #f73b4c;border-width: 0px;border-style: solid\" data-color=\"#ffffff\">\n                    <a href=\"https:\/\/www.instagram.com\/tourismup\/\" target=\"_blank\">\n        \n                                    <span class=\"mkdf-image-icon\">\n\t\t\t\t\t\t                            <span aria-hidden=\"true\" class=\"mkdf-icon-font-elegant social_instagram mkdf-icon-element\" style=\"color: #ffffff;font-size:15px\" ><\/span>                                            <\/span>\n                \n                    <\/a>\n            <\/span>\n\n\n    <span class=\"mkdf-icon-shortcode circle\" style=\"margin: 0 10px 0 0;width: 43px;height: 43px;line-height: 43px;background-color: #f73b4c;border-width: 0px;border-style: solid\" data-color=\"#ffffff\">\n                    <a href=\"mailto:tourismup@territorioscriativos.pt\" target=\"_blank\">\n        \n                                    <span class=\"mkdf-image-icon\">\n\t\t\t\t\t\t                            <span aria-hidden=\"true\" class=\"mkdf-icon-font-elegant icon_mail mkdf-icon-element\" style=\"color: #ffffff;font-size:15px\" ><\/span>                                            <\/span>\n                \n                    <\/a>\n            <\/span>\n\n<\/p>\n<p>[\/vc_column_text][\/vc_column][\/vc_row]<\/p>\n","protected":false},"excerpt":{"rendered":"<p>[vc_row css=&#8221;.vc_custom_1559153922815{margin-bottom: 50px !important;}&#8221;][vc_column][vc_single_image image=&#8221;4863&#8243; img_size=&#8221;full&#8221; alignment=&#8221;center&#8221;][\/vc_column][\/vc_row][vc_row css=&#8221;.vc_custom_1559148993891{margin-bottom: 70px !important;}&#8221;][vc_column width=&#8221;2\/3&#8243; css=&#8221;.vc_custom_1559216551384{padding-top: 10px !important;padding-bottom: 10px !important;}&#8221;][vc_single_image image=&#8221;4848&#8243; img_size=&#8221;full&#8221;][vc_empty_space][vc_column_text css=&#8221;.vc_custom_1561480970261{margin-bottom: 40px !important;}&#8221;] Program Closed [\/vc_column_text][vc_column_text]Tourism Up (3rd edition) is an acceleration program that seeks to support startups in the development of tourism related businesses, promoting innovation&#8230;<\/p>\n","protected":false},"author":1,"featured_media":0,"parent":0,"menu_order":0,"comment_status":"closed","ping_status":"closed","template":"","meta":[],"yoast_head":"<!-- This site is optimized with the Yoast SEO plugin v19.4 - https:\/\/yoast.com\/wordpress\/plugins\/seo\/ -->\n<title>Tourism UP - Territ\u00f3rios Criativos<\/title>\n<meta name=\"robots\" content=\"index, follow, max-snippet:-1, max-image-preview:large, max-video-preview:-1\" \/>\n<link rel=\"canonical\" href=\"https:\/\/territorioscriativos.eu\/en\/tourism-up\/\" \/>\n<meta property=\"og:locale\" content=\"en_US\" \/>\n<meta property=\"og:type\" content=\"article\" \/>\n<meta property=\"og:title\" content=\"Tourism UP - Territ\u00f3rios Criativos\" \/>\n<meta property=\"og:description\" content=\"[vc_row css=&#8221;.vc_custom_1559153922815{margin-bottom: 50px !important;}&#8221;][vc_column][vc_single_image image=&#8221;4863&#8243; img_size=&#8221;full&#8221; alignment=&#8221;center&#8221;][\/vc_column][\/vc_row][vc_row css=&#8221;.vc_custom_1559148993891{margin-bottom: 70px !important;}&#8221;][vc_column width=&#8221;2\/3&#8243; css=&#8221;.vc_custom_1559216551384{padding-top: 10px !important;padding-bottom: 10px !important;}&#8221;][vc_single_image image=&#8221;4848&#8243; img_size=&#8221;full&#8221;][vc_empty_space][vc_column_text css=&#8221;.vc_custom_1561480970261{margin-bottom: 40px !important;}&#8221;] Program Closed [\/vc_column_text][vc_column_text]Tourism Up (3rd edition) is an acceleration program that seeks to support startups in the development of tourism related businesses, promoting innovation...\" \/>\n<meta property=\"og:url\" content=\"https:\/\/territorioscriativos.eu\/en\/tourism-up\/\" \/>\n<meta property=\"og:site_name\" content=\"Territ\u00f3rios Criativos\" \/>\n<meta property=\"article:publisher\" content=\"https:\/\/www.facebook.com\/territorioscriativos.pt\" \/>\n<meta property=\"article:modified_time\" content=\"2019-06-25T16:52:25+00:00\" \/>\n<meta name=\"twitter:card\" content=\"summary_large_image\" \/>\n<meta name=\"twitter:label1\" content=\"Est. reading time\" \/>\n\t<meta name=\"twitter:data1\" content=\"2 minutes\" \/>\n<script type=\"application\/ld+json\" class=\"yoast-schema-graph\">{\"@context\":\"https:\/\/schema.org\",\"@graph\":[{\"@type\":\"WebSite\",\"@id\":\"https:\/\/territorioscriativos.eu\/#website\",\"url\":\"https:\/\/territorioscriativos.eu\/\",\"name\":\"Territ\u00f3rios Criativos\",\"description\":\"\",\"potentialAction\":[{\"@type\":\"SearchAction\",\"target\":{\"@type\":\"EntryPoint\",\"urlTemplate\":\"https:\/\/territorioscriativos.eu\/?s={search_term_string}\"},\"query-input\":\"required name=search_term_string\"}],\"inLanguage\":\"en-US\"},{\"@type\":\"WebPage\",\"@id\":\"https:\/\/territorioscriativos.eu\/en\/tourism-up\/\",\"url\":\"https:\/\/territorioscriativos.eu\/en\/tourism-up\/\",\"name\":\"Tourism UP - Territ\u00f3rios Criativos\",\"isPartOf\":{\"@id\":\"https:\/\/territorioscriativos.eu\/#website\"},\"datePublished\":\"2019-05-29T17:29:12+00:00\",\"dateModified\":\"2019-06-25T16:52:25+00:00\",\"breadcrumb\":{\"@id\":\"https:\/\/territorioscriativos.eu\/en\/tourism-up\/#breadcrumb\"},\"inLanguage\":\"en-US\",\"potentialAction\":[{\"@type\":\"ReadAction\",\"target\":[\"https:\/\/territorioscriativos.eu\/en\/tourism-up\/\"]}]},{\"@type\":\"BreadcrumbList\",\"@id\":\"https:\/\/territorioscriativos.eu\/en\/tourism-up\/#breadcrumb\",\"itemListElement\":[{\"@type\":\"ListItem\",\"position\":1,\"name\":\"Home\",\"item\":\"https:\/\/territorioscriativos.pt\/en\/professional-home\/\"},{\"@type\":\"ListItem\",\"position\":2,\"name\":\"Tourism UP\"}]}]}<\/script>\n<!-- \/ Yoast SEO plugin. -->","yoast_head_json":{"title":"Tourism UP - Territ\u00f3rios Criativos","robots":{"index":"index","follow":"follow","max-snippet":"max-snippet:-1","max-image-preview":"max-image-preview:large","max-video-preview":"max-video-preview:-1"},"canonical":"https:\/\/territorioscriativos.eu\/en\/tourism-up\/","og_locale":"en_US","og_type":"article","og_title":"Tourism UP - Territ\u00f3rios Criativos","og_description":"[vc_row css=&#8221;.vc_custom_1559153922815{margin-bottom: 50px !important;}&#8221;][vc_column][vc_single_image image=&#8221;4863&#8243; img_size=&#8221;full&#8221; alignment=&#8221;center&#8221;][\/vc_column][\/vc_row][vc_row css=&#8221;.vc_custom_1559148993891{margin-bottom: 70px !important;}&#8221;][vc_column width=&#8221;2\/3&#8243; css=&#8221;.vc_custom_1559216551384{padding-top: 10px !important;padding-bottom: 10px !important;}&#8221;][vc_single_image image=&#8221;4848&#8243; img_size=&#8221;full&#8221;][vc_empty_space][vc_column_text css=&#8221;.vc_custom_1561480970261{margin-bottom: 40px !important;}&#8221;] Program Closed [\/vc_column_text][vc_column_text]Tourism Up (3rd edition) is an acceleration program that seeks to support startups in the development of tourism related businesses, promoting innovation...","og_url":"https:\/\/territorioscriativos.eu\/en\/tourism-up\/","og_site_name":"Territ\u00f3rios Criativos","article_publisher":"https:\/\/www.facebook.com\/territorioscriativos.pt","article_modified_time":"2019-06-25T16:52:25+00:00","twitter_card":"summary_large_image","twitter_misc":{"Est. reading time":"2 minutes"},"schema":{"@context":"https:\/\/schema.org","@graph":[{"@type":"WebSite","@id":"https:\/\/territorioscriativos.eu\/#website","url":"https:\/\/territorioscriativos.eu\/","name":"Territ\u00f3rios Criativos","description":"","potentialAction":[{"@type":"SearchAction","target":{"@type":"EntryPoint","urlTemplate":"https:\/\/territorioscriativos.eu\/?s={search_term_string}"},"query-input":"required name=search_term_string"}],"inLanguage":"en-US"},{"@type":"WebPage","@id":"https:\/\/territorioscriativos.eu\/en\/tourism-up\/","url":"https:\/\/territorioscriativos.eu\/en\/tourism-up\/","name":"Tourism UP - Territ\u00f3rios Criativos","isPartOf":{"@id":"https:\/\/territorioscriativos.eu\/#website"},"datePublished":"2019-05-29T17:29:12+00:00","dateModified":"2019-06-25T16:52:25+00:00","breadcrumb":{"@id":"https:\/\/territorioscriativos.eu\/en\/tourism-up\/#breadcrumb"},"inLanguage":"en-US","potentialAction":[{"@type":"ReadAction","target":["https:\/\/territorioscriativos.eu\/en\/tourism-up\/"]}]},{"@type":"BreadcrumbList","@id":"https:\/\/territorioscriativos.eu\/en\/tourism-up\/#breadcrumb","itemListElement":[{"@type":"ListItem","position":1,"name":"Home","item":"https:\/\/territorioscriativos.pt\/en\/professional-home\/"},{"@type":"ListItem","position":2,"name":"Tourism UP"}]}]}},"_links":{"self":[{"href":"https:\/\/territorioscriativos.pt\/en\/wp-json\/wp\/v2\/pages\/5509"}],"collection":[{"href":"https:\/\/territorioscriativos.pt\/en\/wp-json\/wp\/v2\/pages"}],"about":[{"href":"https:\/\/territorioscriativos.pt\/en\/wp-json\/wp\/v2\/types\/page"}],"author":[{"embeddable":true,"href":"https:\/\/territorioscriativos.pt\/en\/wp-json\/wp\/v2\/users\/1"}],"replies":[{"embeddable":true,"href":"https:\/\/territorioscriativos.pt\/en\/wp-json\/wp\/v2\/comments?post=5509"}],"version-history":[{"count":3,"href":"https:\/\/territorioscriativos.pt\/en\/wp-json\/wp\/v2\/pages\/5509\/revisions"}],"predecessor-version":[{"id":5606,"href":"https:\/\/territorioscriativos.pt\/en\/wp-json\/wp\/v2\/pages\/5509\/revisions\/5606"}],"wp:attachment":[{"href":"https:\/\/territorioscriativos.pt\/en\/wp-json\/wp\/v2\/media?parent=5509"}],"curies":[{"name":"wp","href":"https:\/\/api.w.org\/{rel}","templated":true}]}}